{"id":428,"date":"2019-08-28T22:26:02","date_gmt":"2019-08-29T02:26:02","guid":{"rendered":"http:\/\/estudiopatagon.com\/themes\/wordpress\/reinv5\/?page_id=428"},"modified":"2021-08-03T01:28:31","modified_gmt":"2021-08-02T23:28:31","slug":"home-minimal","status":"publish","type":"page","link":"https:\/\/www.sprzedajsuknie.pl\/blog\/","title":{"rendered":"Blog \u015blubny"},"content":{"rendered":"","protected":false},"excerpt":{"rendered":"","protected":false},"author":2,"featured_media":0,"parent":0,"menu_order":0,"comment_status":"closed","ping_status":"closed","template":"page-templates\/home.php","meta":{"footnotes":""},"yoast_head":"<!-- This site is optimized with the Yoast SEO plugin v16.8 - https:\/\/yoast.com\/wordpress\/plugins\/seo\/ -->\n<title>Blog \u015blubny - SprzedajSuknie.pl<\/title>\n<meta name=\"description\" content=\"Blog serwisu SprzedajSuknie.pl - znajdziesz tu przydatne informacje na temat \u015blubu i wesela. Porady, wskaz\u00f3wki - kr\u00f3tko m\u00f3wi\u0105\u0107 Blog \u015blubny dla Ciebie!\" \/>\n<meta name=\"robots\" content=\"index, follow, max-snippet:-1, max-image-preview:large, max-video-preview:-1\" \/>\n<link rel=\"canonical\" href=\"https:\/\/www.sprzedajsuknie.pl\/blog\/\" \/>\n<meta property=\"og:locale\" content=\"pl_PL\" \/>\n<meta property=\"og:type\" content=\"article\" \/>\n<meta property=\"og:title\" content=\"Blog \u015blubny - SprzedajSuknie.pl\" \/>\n<meta property=\"og:description\" content=\"Blog serwisu SprzedajSuknie.pl - znajdziesz tu przydatne informacje na temat \u015blubu i wesela. Porady, wskaz\u00f3wki - kr\u00f3tko m\u00f3wi\u0105\u0107 Blog \u015blubny dla Ciebie!\" \/>\n<meta property=\"og:url\" content=\"https:\/\/www.sprzedajsuknie.pl\/blog\/\" \/>\n<meta property=\"og:site_name\" content=\"SprzedajSuknie.pl\" \/>\n<meta property=\"article:modified_time\" content=\"2021-08-02T23:28:31+00:00\" \/>\n<meta name=\"twitter:card\" content=\"summary_large_image\" \/>\n<script type=\"application\/ld+json\" class=\"yoast-schema-graph\">{\"@context\":\"https:\/\/schema.org\",\"@graph\":[{\"@type\":[\"Person\",\"Organization\"],\"@id\":\"https:\/\/www.sprzedajsuknie.pl\/blog\/#\/schema\/person\/76141c91d378a7d0188dbf93f199fd40\",\"name\":\"SprzedajSuknie.pl\",\"image\":{\"@type\":\"ImageObject\",\"@id\":\"https:\/\/www.sprzedajsuknie.pl\/blog\/#personlogo\",\"inLanguage\":\"pl-PL\",\"url\":\"https:\/\/secure.gravatar.com\/avatar\/41ef92c6044701d39a2a58d5511976d1?s=96&d=mm&r=g\",\"contentUrl\":\"https:\/\/secure.gravatar.com\/avatar\/41ef92c6044701d39a2a58d5511976d1?s=96&d=mm&r=g\",\"caption\":\"SprzedajSuknie.pl\"},\"logo\":{\"@id\":\"https:\/\/www.sprzedajsuknie.pl\/blog\/#personlogo\"},\"sameAs\":[\"https:\/\/www.sprzedajsuknie.pl\"]},{\"@type\":\"WebSite\",\"@id\":\"https:\/\/www.sprzedajsuknie.pl\/blog\/#website\",\"url\":\"https:\/\/www.sprzedajsuknie.pl\/blog\/\",\"name\":\"SprzedajSuknie.pl\",\"description\":\"\",\"publisher\":{\"@id\":\"https:\/\/www.sprzedajsuknie.pl\/blog\/#\/schema\/person\/76141c91d378a7d0188dbf93f199fd40\"},\"potentialAction\":[{\"@type\":\"SearchAction\",\"target\":{\"@type\":\"EntryPoint\",\"urlTemplate\":\"https:\/\/www.sprzedajsuknie.pl\/blog\/?s={search_term_string}\"},\"query-input\":\"required name=search_term_string\"}],\"inLanguage\":\"pl-PL\"},{\"@type\":\"WebPage\",\"@id\":\"https:\/\/www.sprzedajsuknie.pl\/blog\/#webpage\",\"url\":\"https:\/\/www.sprzedajsuknie.pl\/blog\/\",\"name\":\"Blog \\u015blubny - SprzedajSuknie.pl\",\"isPartOf\":{\"@id\":\"https:\/\/www.sprzedajsuknie.pl\/blog\/#website\"},\"datePublished\":\"2019-08-29T02:26:02+00:00\",\"dateModified\":\"2021-08-02T23:28:31+00:00\",\"description\":\"Blog serwisu SprzedajSuknie.pl - znajdziesz tu przydatne informacje na temat \\u015blubu i wesela. Porady, wskaz\\u00f3wki - kr\\u00f3tko m\\u00f3wi\\u0105\\u0107 Blog \\u015blubny dla Ciebie!\",\"breadcrumb\":{\"@id\":\"https:\/\/www.sprzedajsuknie.pl\/blog\/#breadcrumb\"},\"inLanguage\":\"pl-PL\",\"potentialAction\":[{\"@type\":\"ReadAction\",\"target\":[\"https:\/\/www.sprzedajsuknie.pl\/blog\/\"]}]},{\"@type\":\"BreadcrumbList\",\"@id\":\"https:\/\/www.sprzedajsuknie.pl\/blog\/#breadcrumb\",\"itemListElement\":[{\"@type\":\"ListItem\",\"position\":1,\"name\":\"Strona g\\u0142\\u00f3wna\",\"item\":\"https:\/\/www.sprzedajsuknie.pl\/blog\/\"},{\"@type\":\"ListItem\",\"position\":2,\"name\":\"Blog \\u015blubny\"}]}]}<\/script>\n<!-- \/ Yoast SEO plugin. -->","yoast_head_json":{"title":"Blog \u015blubny - SprzedajSuknie.pl","description":"Blog serwisu SprzedajSuknie.pl - znajdziesz tu przydatne informacje na temat \u015blubu i wesela. Porady, wskaz\u00f3wki - kr\u00f3tko m\u00f3wi\u0105\u0107 Blog \u015blubny dla Ciebie!","robots":{"index":"index","follow":"follow","max-snippet":"max-snippet:-1","max-image-preview":"max-image-preview:large","max-video-preview":"max-video-preview:-1"},"canonical":"https:\/\/www.sprzedajsuknie.pl\/blog\/","og_locale":"pl_PL","og_type":"article","og_title":"Blog \u015blubny - SprzedajSuknie.pl","og_description":"Blog serwisu SprzedajSuknie.pl - znajdziesz tu przydatne informacje na temat \u015blubu i wesela. Porady, wskaz\u00f3wki - kr\u00f3tko m\u00f3wi\u0105\u0107 Blog \u015blubny dla Ciebie!","og_url":"https:\/\/www.sprzedajsuknie.pl\/blog\/","og_site_name":"SprzedajSuknie.pl","article_modified_time":"2021-08-02T23:28:31+00:00","twitter_card":"summary_large_image","schema":{"@context":"https:\/\/schema.org","@graph":[{"@type":["Person","Organization"],"@id":"https:\/\/www.sprzedajsuknie.pl\/blog\/#\/schema\/person\/76141c91d378a7d0188dbf93f199fd40","name":"SprzedajSuknie.pl","image":{"@type":"ImageObject","@id":"https:\/\/www.sprzedajsuknie.pl\/blog\/#personlogo","inLanguage":"pl-PL","url":"https:\/\/secure.gravatar.com\/avatar\/41ef92c6044701d39a2a58d5511976d1?s=96&d=mm&r=g","contentUrl":"https:\/\/secure.gravatar.com\/avatar\/41ef92c6044701d39a2a58d5511976d1?s=96&d=mm&r=g","caption":"SprzedajSuknie.pl"},"logo":{"@id":"https:\/\/www.sprzedajsuknie.pl\/blog\/#personlogo"},"sameAs":["https:\/\/www.sprzedajsuknie.pl"]},{"@type":"WebSite","@id":"https:\/\/www.sprzedajsuknie.pl\/blog\/#website","url":"https:\/\/www.sprzedajsuknie.pl\/blog\/","name":"SprzedajSuknie.pl","description":"","publisher":{"@id":"https:\/\/www.sprzedajsuknie.pl\/blog\/#\/schema\/person\/76141c91d378a7d0188dbf93f199fd40"},"potentialAction":[{"@type":"SearchAction","target":{"@type":"EntryPoint","urlTemplate":"https:\/\/www.sprzedajsuknie.pl\/blog\/?s={search_term_string}"},"query-input":"required name=search_term_string"}],"inLanguage":"pl-PL"},{"@type":"WebPage","@id":"https:\/\/www.sprzedajsuknie.pl\/blog\/#webpage","url":"https:\/\/www.sprzedajsuknie.pl\/blog\/","name":"Blog \u015blubny - SprzedajSuknie.pl","isPartOf":{"@id":"https:\/\/www.sprzedajsuknie.pl\/blog\/#website"},"datePublished":"2019-08-29T02:26:02+00:00","dateModified":"2021-08-02T23:28:31+00:00","description":"Blog serwisu SprzedajSuknie.pl - znajdziesz tu przydatne informacje na temat \u015blubu i wesela. Porady, wskaz\u00f3wki - kr\u00f3tko m\u00f3wi\u0105\u0107 Blog \u015blubny dla Ciebie!","breadcrumb":{"@id":"https:\/\/www.sprzedajsuknie.pl\/blog\/#breadcrumb"},"inLanguage":"pl-PL","potentialAction":[{"@type":"ReadAction","target":["https:\/\/www.sprzedajsuknie.pl\/blog\/"]}]},{"@type":"BreadcrumbList","@id":"https:\/\/www.sprzedajsuknie.pl\/blog\/#breadcrumb","itemListElement":[{"@type":"ListItem","position":1,"name":"Strona g\u0142\u00f3wna","item":"https:\/\/www.sprzedajsuknie.pl\/blog\/"},{"@type":"ListItem","position":2,"name":"Blog \u015blubny"}]}]}},"_links":{"self":[{"href":"https:\/\/www.sprzedajsuknie.pl\/blog\/wp-json\/wp\/v2\/pages\/428"}],"collection":[{"href":"https:\/\/www.sprzedajsuknie.pl\/blog\/wp-json\/wp\/v2\/pages"}],"about":[{"href":"https:\/\/www.sprzedajsuknie.pl\/blog\/wp-json\/wp\/v2\/types\/page"}],"author":[{"embeddable":true,"href":"https:\/\/www.sprzedajsuknie.pl\/blog\/wp-json\/wp\/v2\/users\/2"}],"replies":[{"embeddable":true,"href":"https:\/\/www.sprzedajsuknie.pl\/blog\/wp-json\/wp\/v2\/comments?post=428"}],"version-history":[{"count":1,"href":"https:\/\/www.sprzedajsuknie.pl\/blog\/wp-json\/wp\/v2\/pages\/428\/revisions"}],"predecessor-version":[{"id":1325,"href":"https:\/\/www.sprzedajsuknie.pl\/blog\/wp-json\/wp\/v2\/pages\/428\/revisions\/1325"}],"wp:attachment":[{"href":"https:\/\/www.sprzedajsuknie.pl\/blog\/wp-json\/wp\/v2\/media?parent=428"}],"curies":[{"name":"wp","href":"https:\/\/api.w.org\/{rel}","templated":true}]}}